{"id":9,"date":"2019-11-25T22:33:21","date_gmt":"2019-11-25T22:33:21","guid":{"rendered":"https:\/\/orientalistik-in-hh.blogs.uni-hamburg.de\/?page_id=9"},"modified":"2020-03-06T15:22:03","modified_gmt":"2020-03-06T15:22:03","slug":"datenschutz","status":"publish","type":"page","link":"https:\/\/orientalistik-in-hh.blogs.uni-hamburg.de\/?page_id=9","title":{"rendered":"Datenschutz"},"content":{"rendered":"<h3>Kontaktdaten der verantwortlichen Stelle<\/h3>\n<p>Verantwortlich im Sinne der Datenschutzgrundverordnung (DSGVO) und anderer nationaler Datenschutzgesetze der EU-Mitgliedstaaten sowie sonstiger datenschutzrechtlicher Bestimmungen f\u00fcr das Onlineangebot \u201eBlog\u201c ist die:<\/p>\n<p>Universit\u00e4t Hamburg<br \/>\nMittelweg 177<br \/>\n20148 Hamburg<br \/>\nDeutschland<br \/>\nTel.: +49 40 42838-0<br \/>\nFax: +49 40 42838-9586<\/p>\n<h3>Kontaktdaten des Datenschutzbeauftragten der Universit\u00e4t Hamburg<\/h3>\n<p>Mittelweg 177<br \/>\n20148 Hamburg<br \/>\nTel.: + 49 40 42838-2957<br \/>\nE-Mail: datenschutz(at)uni-hamburg.de<\/p>\n<h4>Zielsetzung und grunds\u00e4tzliche Angaben zur Datenverarbeitung<\/h4>\n<p>Diese Datenschutzerkl\u00e4rung kl\u00e4rt \u00fcber die Art, den Umfang und Zweck der Verarbeitung von personenbezogenen Daten innerhalb unseres Onlineangebotes und der mit ihm verbundenen Webseiten, Funktionen und Inhalte auf. Die Datenschutzerkl\u00e4rung gilt unabh\u00e4ngig von den verwendeten Domains, Systemen, Plattformen und Ger\u00e4ten (z.B. Desktop oder Mobile) auf denen das Onlineangebot ausgef\u00fchrt wird.<\/p>\n<p>Wir verarbeiten personenbezogene Daten unserer Nutzer nur unter Einhaltung der einschl\u00e4gigen Datenschutzbestimmungen entsprechend den Geboten der Datensparsamkeit- und Datenvermeidung. Daraus folgt, dass die Verarbeitung personenbezogener Daten unserer Nutzer regelm\u00e4\u00dfig nur nach Einwilligung des Nutzers erfolgt. Eine Ausnahme gilt in solchen F\u00e4llen, in denen die Verarbeitung der Daten durch gesetzliche Vorschriften gestattet ist.<\/p>\n<p>Wir treffen organisatorische, vertragliche und technische Sicherheitsma\u00dfnahmen entsprechend dem Stand der Technik, um sicher zu stellen, dass die Vorschriften der Datenschutzgesetze eingehalten werden und um damit die durch uns verarbeiteten Daten gegen zuf\u00e4llige oder vors\u00e4tzliche Manipulationen, Verlust, Zerst\u00f6rung oder gegen den Zugriff unberechtigter Personen zu sch\u00fctzen.<\/p>\n<p>Sofern im Rahmen unseres Onlineangebots Inhalte, Werkzeuge oder sonstige Mittel von Drittanbietern (bspw. YouTube-Videos) eingesetzt werden und deren genannter Sitz im Ausland ist, ist davon auszugehen, dass ein Datentransfer in die Sitzstaaten der Dritt-Anbieter stattfindet.<\/p>\n<h4>Begriffsbestimmungen<\/h4>\n<p>Im Sinne dieser Datenschutzerkl\u00e4rung bezeichnet der Ausdruck:<\/p>\n<ol>\n<li>\u201eNutzer\u201c alle Kunden und Besucher unserer Internetseite, wobei der Begriff geschlechtsneutral zu verstehen ist;<\/li>\n<li>\u201eWebseite oder Onlineangebot\u201c \u00fcbergreifend die auf unserer Internetseite enthaltenen und mit der Internetseite verbundenen Inhalte und Funktionen;<\/li>\n<li>\u201eDrittanbieter\u201c andere Anbieter, die sich von uns unterscheiden, deren Inhalte, Werkzeuge oder sonstige Mittel wir im Rahmen unseres Onlineangebots einsetzen und deren genannter Sitz gegebenenfalls im Ausland ist. Beispielsweise sind hier Videoplattformen wie YouTube zu nennen.<\/li>\n<\/ol>\n<h4>Datenverarbeitung<\/h4>\n<h5>1. Bereitstellung des Blogs und Erstellen von Logfiles<\/h5>\n<p>Bei jedem Aufruf und jeder Nutzung dieses Blogs werden Daten und Informationen erfasst. Diese Daten und Informationen werden in Logfiles der Server gespeichert.<\/p>\n<p>Erfasst werden:<\/p>\n<ul>\n<li>IP-Adresse<\/li>\n<li>Informationen \u00fcber den Browsertyp und die verwendete Version<\/li>\n<li>Datum und Uhrzeit des Zugriffs<\/li>\n<li>Internet-Service-Provider des Nutzers<\/li>\n<li>Betriebssystem des Nutzers<\/li>\n<li>Webseiten, von denen das System des Nutzers auf unsere Internetseite gelangt<\/li>\n<li>Webseiten, die vom System des Nutzers \u00fcber unsere Webseite aufgerufen werden<\/li>\n<\/ul>\n<p>Rechtsgrundlage f\u00fcr die vor\u00fcbergehende Speicherung der Daten und der Logfiles ist Art. 6 Abs. 1 lit. f DSGVO.<\/p>\n<p>Die vor\u00fcbergehende Speicherung der IP-Adresse durch das System ist erforderlich, um eine Auslieferung der Webseite an den Rechner des Nutzers zu erm\u00f6glichen. Hierf\u00fcr muss die IP-Adresse des Nutzers f\u00fcr die Dauer der Sitzung gespeichert bleiben.<\/p>\n<p>Die Speicherung in Logfiles erfolgt zur Sicherstellung der Funktionsf\u00e4higkeit der Webseite, zur Optimierung der Inhalte der Webseite sowie zur Sicherstellung der Sicherheit unserer informationstechnischen Systeme.<\/p>\n<p>Die Daten werden gel\u00f6scht, sobald sie f\u00fcr die Erreichung des Zweckes ihrer Erhebung nicht mehr erforderlich sind. Im Falle der Erfassung der Daten zur Bereitstellung der Webseite ist dies der Fall, wenn die jeweilige Sitzung beendet ist.<\/p>\n<p>Im Fall der Speicherung der Daten in Logfiles ist dies nach sp\u00e4testens sieben Tagen der Fall. Bei einer dar\u00fcberhinausgehenden Speicherung werden die IP-Adressen der Nutzer gel\u00f6scht oder verfremdet, so dass eine Zuordnung des aufrufenden Clients nicht mehr m\u00f6glich ist.<\/p>\n<p>Die personenbezogenen Daten werden zudem bei Vorliegen einer Rechtsgrundlage f\u00fcr die folgenden Zwecke verarbeitet:<\/p>\n<ul>\n<li>die Zurverf\u00fcgungstellung, Ausf\u00fchrung, Pflege, Optimierung und Sicherung unserer Dienste-, Service- und Nutzerleistungen;<\/li>\n<li>die Gew\u00e4hrleistung eines effektiven Kundendienstes und technischen Supports.<\/li>\n<\/ul>\n<h5>2. Verwendung von Cookies<\/h5>\n<p>Unsere Webseite verwendet Cookies. Bei Cookies handelt es sich um Textdateien, die im Internetbrowser bzw. vom Internetbrowser auf dem Computer des Nutzers gespeichert werden. Ruft ein Nutzer eine Webseite auf, so kann ein Cookie auf dem Betriebssystem des Nutzers gespeichert werden. Dieses Cookie enth\u00e4lt eine charakteristische Zeichenfolge, die eine eindeutige Identifizierung des Browsers beim erneuten Aufrufen der Webseite erm\u00f6glicht. Die meisten der von uns verwendeten Cookies sind so genannte \u201cSession-Cookies\u201d. Sie werden nach Ende Ihres Besuchs automatisch gel\u00f6scht. Andere Cookies bleiben auf Ihrem Endger\u00e4t gespeichert bis Sie diese l\u00f6schen. Diese Cookies erm\u00f6glichen es uns, Ihren Browser beim n\u00e4chsten Besuch wiederzuerkennen.<\/p>\n<p>Sie k\u00f6nnen Ihren Browser so einstellen, dass Sie \u00fcber das Setzen von Cookies informiert werden und Cookies nur im Einzelfall erlauben, die Annahme von Cookies f\u00fcr bestimmte F\u00e4lle oder generell ausschlie\u00dfen sowie das automatische L\u00f6schen der Cookies beim Schlie\u00dfen des Browsers aktivieren. Bei der Deaktivierung von Cookies kann die Funktionalit\u00e4t dieser Webseite eingeschr\u00e4nkt sein.<\/p>\n<p>Die Rechtsgrundlage f\u00fcr die Verarbeitung personenbezogener Daten unter Verwendung von Cookies ist Art. 6 Abs. 1 lit. f DSGVO.<\/p>\n<p>Der Zweck der Verwendung technisch notwendiger Cookies ist, die Nutzung von Webseiten f\u00fcr die Nutzer zu vereinfachen.<\/p>\n<h5>3. SSL- bzw. TLS-Verschl\u00fcsselung<\/h5>\n<p>Diese Seite nutzt aus Sicherheitsgr\u00fcnden und zum Schutz der \u00dcbertragung vertraulicher Inhalte, wie zum Beispiel Bestellungen oder Anfragen, die Sie an uns als Seitenbetreiber senden, eine SSL-bzw. TLS-Verschl\u00fcsselung.<\/p>\n<p>Eine verschl\u00fcsselte Verbindung erkennen Sie daran, dass die Adresszeile des Browsers von \u201chttp:\/\/\u201d auf \u201chttps:\/\/\u201d wechselt und an dem Schloss-Symbol in Ihrer Browserzeile. Wenn die SSL- bzw. TLS-Verschl\u00fcsselung aktiviert ist, k\u00f6nnen die Daten, die Sie an uns \u00fcbermitteln, nicht von Dritten mitgelesen werden.<\/p>\n<h5>4. Kontaktformular und E-Mail-Kontakt<\/h5>\n<p>Als Teil unseres Blogs werden Kontaktformulare bereitgestellt, die zur vereinfachten elektronischen Kommunikation genutzt werden k\u00f6nnen. Dabei werden die in der Eingabemaske eingegebenen Daten \u00fcbermittelt. F\u00fcr die Verarbeitung der Daten wird im Rahmen des Absendevorgangs die Einwilligung der Nutzer eingeholt und auf diese Datenschutzerkl\u00e4rung verwiesen.<\/p>\n<p>Alternativ ist eine Kontaktaufnahme \u00fcber bereitgestellte E-Mail-Adressen m\u00f6glich. In diesem Fall werden die mit der E-Mail \u00fcbermittelten personenbezogenen Daten der Nutzer im Eingangspostfach gespeichert. Eine Weitergabe der Daten an Dritte findet nicht statt.<\/p>\n<p>Rechtsgrundlage f\u00fcr die Verarbeitung der Daten ist bei Vorliegen einer Einwilligung des Nutzers Art. 6 Abs. 1 lit. a DSGVO.<\/p>\n<p>Rechtsgrundlage f\u00fcr die Verarbeitung der Daten, die im Zuge einer \u00dcbersendung einer E-Mail \u00fcbermittelt werden, ist Art. 6 Abs. 1 lit. f DSGVO.<\/p>\n<p>Die Daten werden ausschlie\u00dflich f\u00fcr die Verarbeitung der Anfrage verwendet. Die Daten werden gel\u00f6scht, sobald sie f\u00fcr die Erreichung des Zweckes ihrer Erhebung nicht mehr erforderlich sind. F\u00fcr die personenbezogenen Daten aus der Eingabemaske des Kontaktformulars und diejenigen, die per E-Mail \u00fcbersandt wurden, ist dies dann der Fall, wenn die jeweilige Anfrage des Nutzers beendet ist.<\/p>\n<h4>Webanalyse<\/h4>\n<p>Dieser Blog der Universit\u00e4t Hamburg benutzt Matomo, eine Open-Source-Software zur Analyse und statistischen Auswertung der Besucherzugriffe. Matomo verwendet sogenannte \u201eCookies\u201c, Textdateien, die auf dem Computer der Nutzer gespeichert werden und die eine Analyse der Benutzung der Webseite durch die Nutzer erm\u00f6glichen. Die durch das Cookie erzeugten Informationen \u00fcber die Benutzung dieses Internetangebotes werden auf einem Server der Universit\u00e4t Hamburg in Deutschland gespeichert. Die IP-Adresse wird vor deren Speicherung anonymisiert.<\/p>\n<p>Die Informationen werden verwendet, um die Nutzung der Webseite auszuwerten und um eine bedarfsgerechte Gestaltung unseres Blogs zu erm\u00f6glichen.<\/p>\n<p>Rechtsgrundlage f\u00fcr die Verarbeitung der Daten ist Art. 6 Abs. 1 lit. f DSGVO.<\/p>\n<p>Es besteht die M\u00f6glichkeit, die Installation der Cookies auch durch eine entsprechende Einstellung der Browser-Software zu verhindern; wir weisen jedoch darauf hin, dass in diesem Fall m\u00f6glicherweise nicht s\u00e4mtliche Funktionen dieser Webseite vollumf\u00e4nglich genutzt werden k\u00f6nnen.<\/p>\n<h4>Weitergabe von Daten an Dritte<\/h4>\n<h5>1. Social Media<\/h5>\n<h6>YouTube mit erweitertem Datenschutz<\/h6>\n<p>Unsere Website nutzt Plugins der Website YouTube. Betreiber der Seiten ist die YouTube, LLC, 901 Cherry Ave., San Bruno, CA 94066, USA.<\/p>\n<p>Wir nutzen YouTube im erweiterten Datenschutzmodus. Dieser Modus bewirkt laut YouTube, dass YouTube keine Informationen \u00fcber die Besucher auf dieser Website speichert, bevor diese sich das Video ansehen. Die Weitergabe von Daten an YouTube-Partner wird durch den erweiterten Datenschutzmodus hingegen nicht zwingend ausgeschlossen. So stellt YouTube \u2013 unabh\u00e4ngig davon, ob Sie sich ein Video ansehen \u2013 eine Verbindung zum Google DoubleClick-Netzwerk her.<\/p>\n<p>Sobald Sie ein YouTube-Video auf unserer Website starten, wird eine Verbindung zu den Servern von YouTube hergestellt. Dabei wird dem YouTube-Server mitgeteilt, welche unserer Seiten Sie besucht haben.<\/p>\n<p>Wenn Sie in Ihrem YouTube-Account eingeloggt sind, erm\u00f6glichen Sie YouTube, Ihr Surfverhalten direkt Ihrem pers\u00f6nlichen Profil zuzuordnen. Dies k\u00f6nnen Sie verhindern, indem Sie sich aus Ihrem YouTube-Account ausloggen.<\/p>\n<p>Des Weiteren kann YouTube nach Starten eines Videos verschiedene Cookies auf Ihrem Endger\u00e4t speichern. Mit Hilfe dieser Cookies kann YouTube Informationen \u00fcber Besucher unserer Website erhalten.<\/p>\n<p>Diese Informationen werden u. a. verwendet, um Videostatistiken zu erfassen, die Anwenderfreundlichkeit zu verbessern und Betrugsversuchen vorzubeugen. Die Cookies verbleiben auf Ihrem Endger\u00e4t, bis Sie sie l\u00f6schen.<\/p>\n<p>Gegebenenfalls k\u00f6nnen nach dem Start eines YouTube-Videos weitere Datenverarbeitungsvorg\u00e4nge ausgel\u00f6st werden, auf die wir keinen Einfluss haben.<\/p>\n<p>Die Nutzung von YouTube erfolgt im Interesse einer ansprechenden Darstellung unserer Online-Angebote. Dies stellt ein berechtigtes Interesse im Sinne von Art. 6 Abs. 1 lit. f DSGVO dar.<\/p>\n<p>Weitere Informationen \u00fcber Datenschutz bei YouTube finden Sie in deren Datenschutzerkl\u00e4rung unter: <a href=\"https:\/\/policies.google.com\/privacy?hl=de\">https:\/\/policies.google.com\/privacy?hl=de<\/a> .<\/p>\n<h5>2. Online-Tools<\/h5>\n<h6>Google Web Fonts<\/h6>\n<p>Diese Seite nutzt zur einheitlichen Darstellung von Schriftarten so genannte Web Fonts, die von Google bereitgestellt werden. Die Google Fonts sind lokal installiert. Eine Verbindung zu Servern von Google findet dabei nicht statt.<\/p>\n<h6>Google Maps<\/h6>\n<p>Wir benutzen Google Maps API, einen Kartendienst der Google LLC. (\u201eGoogle\u201c), zur Darstellung einer interaktiven Karte und zur Erstellung von Anfahrtspl\u00e4nen. Google Maps wird von Google LLC, 1600 Amphitheatre Parkway, Mountain View, CA 94043, USA betrieben.<\/p>\n<p>Durch die Nutzung von Google Maps k\u00f6nnen Informationen \u00fcber Ihre Benutzung dieser Website (einschlie\u00dflich Ihrer IP-Adresse) an einen Server von Google in den USA \u00fcbertragen und dort gespeichert werden. Google wird die durch Maps gewonnenen Informationen gegebenenfalls an Dritte \u00fcbertragen, sofern dies gesetzlich vorgeschrieben ist oder soweit Dritte diese Daten im Auftrag von Google verarbeiten.<\/p>\n<p>Sie haben die M\u00f6glichkeit, den Service von Google Maps zu deaktivieren und somit den Datentransfer an Google zu verhindern, indem Sie JavaScript in Ihrem Browser deaktivieren. Wir weisen Sie jedoch darauf hin, dass Sie in diesem Fall die Kartenanzeige auf unserer Website nicht nutzen k\u00f6nnen.<\/p>\n<p>Die Google-Datenschutzerkl\u00e4rung &amp; zus\u00e4tzlichen Nutzungsbedingungen f\u00fcr Google Maps finden Sie unter <a href=\"https:\/\/policies.google.com\/privacy?hl=de&amp;gl=de\">https:\/\/policies.google.com\/privacy?hl=de&amp;gl=de<\/a>.<\/p>\n<p>Google verarbeitet Ihre personenbezogenen Daten auch in den USA und hat sich dem EU-US Privacy Shield unterworfen (<a href=\"https:\/\/www.privacyshield.gov\/participant?id=a2zt000000001L5AAI&amp;status=Active\">https:\/\/www.privacyshield.gov\/participant?id=a2zt000000001L5AAI&amp;status=Active<\/a>)<\/p>\n<h6>OpenStreetMap<\/h6>\n<p>Wir nutzen den Kartendienst von OpenStreetMap (OSM). Anbieterin ist die Open-Street-Map Foundation (OSMF), 132 Maney Hill Road, Sutton Coldfield, West Midlands, B72 1JU, United Kingdom.<\/p>\n<p>Wenn Sie eine Website besuchen, auf der OpenStreetMap eingebunden ist, werden u. a. Ihre IP-Adresse und weitere Informationen \u00fcber Ihr Verhalten auf dieser Website an die OSMF weitergeleitet. OpenStreetMap speichert hierzu unter Umst\u00e4nden Cookies in Ihrem Browser. Das sind Textdateien, die auf Ihrem Computer gespeichert werden und die eine Analyse der Benutzung der Website durch Sie erm\u00f6glichen. Sie k\u00f6nnen die Speicherung der Cookies durch eine entsprechende Einstellung Ihrer Browser-Software verhindern; wir weisen Sie jedoch darauf hin, dass Sie in diesem Fall gegebenenfalls nicht s\u00e4mtliche Funktionen dieser Website vollumf\u00e4nglich werden nutzen k\u00f6nnen.<\/p>\n<p>Ferner kann Ihr Standort erfasst werden, wenn Sie dies in Ihren Ger\u00e4teeinstellungen \u2013 z. B. auf Ihrem Handy \u2013 zugelassen haben. Der Anbieter dieser Seite hat keinen Einfluss auf diese Daten\u00fcbertragung. Details entnehmen Sie der Datenschutzerkl\u00e4rung von OpenStreetMap unter folgendem Link: <a href=\"https:\/\/wiki.openstreetmap.org\/wiki\/Privacy_Policy\">https:\/\/wiki.openstreetmap.org\/wiki\/Privacy_Policy<\/a>.<\/p>\n<h6>H5P<\/h6>\n<p>Wir nutzen das Plugin \u201eH5P\u201c zur Ausbringung von Lehr-\/Lerninhalten. Anbieter ist die Firma Joubel, Flow Coworking, Storgata 5, 9008 Troms\u00f8, Norwegen.<\/p>\n<p>H5P verarbeitet und speichert anonymisierte Berichtsdaten aus Ihren Interaktionen mit H5P-Elementen \u00fcber eine xAPI-Schnittstelle. Diese Daten werden verwendet, um R\u00fcckmeldungen zur Ausgestaltung der angebotenen Interaktionsm\u00f6glichkeiten zu erhalten. Die eingegangenen R\u00fcckmeldungen werden von H5P genutzt, um die Benutzerfreundlichkeit des Angebots von H5P zu verbessern.<\/p>\n<p>Details entnehmen Sie der entsprechenden Dokumentation von H5P, die unter folgendem Link abrufbar ist: <a href=\"https:\/\/h5p.org\/tracking-the-usage-of-h5p\">https:\/\/h5p.org\/tracking-the-usage-of-h5p<\/a>.<\/p>\n<p>Die Nutzung von H5P erfolgt im Interesse einer ansprechenden Darstellung unserer Online-Angebote und Bereitstellung interaktiver Lehr-\/Lerninhalte unter den Gesichtspunkten von Open Education, Open Access und Open Source. Dies stellt ein berechtigtes Interesse im Sinne von Art. 6 Abs. 1 lit. f DSGVO dar.<\/p>\n<p>Wenn Sie interaktive H5P-Inhalte verwenden, die ein Video enthalten, das auf <strong><em>YouTube<\/em> <\/strong>gehostet wird, setzt YouTube Cookies auf Ihrem Computer. YouTube verwendet diese Cookies, um YouTube und deren Partnern zu helfen, den auf ihren Websites ein- und ausgehenden Datenverkehr zu analysieren. Weitere Informationen finden Sie in den Datenschutzbestimmungen von Google (<a href=\"https:\/\/policies.google.com\/privacy?hl=de\">https:\/\/policies.google.com\/privacy?hl=de<\/a>).<\/p>\n<p>F\u00fcr den Zweck der Bereitstellung interaktiver H5P-Inhalte, die auf YouTube-Videos basieren, stellt die Nutzung von YouTube ein berechtigtes Interesse im Sinne von Art. 6 Abs. 1 lit. f DSGVO dar, da wir diese interaktiven Inhalte sonst nicht zur Verf\u00fcgung stellen k\u00f6nnten.<\/p>\n<p>Wenn Sie interaktive H5P-Inhalte verwenden, die einen <strong><em>Twitter-Feed<\/em><\/strong> enthalten, setzt Twitter ein Cookie auf Ihrem Computer. Twitter verwendet diese Cookies, um Twitter und deren Partnern zu helfen, Werbung f\u00fcr Sie relevanter zu gestalten. Bitte lesen Sie die Datenschutzerkl\u00e4rung von Twitter f\u00fcr weitere Informationen (<a href=\"https:\/\/twitter.com\/de\/privacy\">https:\/\/twitter.com\/de\/privacy<\/a>).<\/p>\n<p>F\u00fcr den Zweck der Bereitstellung interaktiver H5P-Inhalte, die auf Twitter-Feeds basieren, stellt die Nutzung von Twitter ein berechtigtes Interesse im Sinne von Art. 6 Abs. 1 lit. f DSGVO dar, da wir diese interaktiven Inhalte sonst nicht zur Verf\u00fcgung stellen k\u00f6nnten.<\/p>\n<p>Wenn Sie interaktive H5P-Inhalte verwenden, die <strong><em>Spracherkennung<\/em> <\/strong>enthalten, verarbeitet <em><strong>Google Cloud<\/strong><\/em> Ihre Stimme f\u00fcr die Umwandlung in Text. Weitere Informationen finden Sie in den Datenschutzbestimmungen von Google (<a href=\"https:\/\/policies.google.com\/privacy?hl=de\">https:\/\/policies.google.com\/privacy?hl=de<\/a>).<\/p>\n<p>F\u00fcr den Zweck der Bereitstellung interaktiver H5P-Inhalte, die auf einer Spracherkennungs-Funktion basieren, stellt die Nutzung von Google Cloud ein berechtigtes Interesse im Sinne von Art. 6 Abs. 1 lit. f DSGVO dar, da wir diese interaktiven Inhalte sonst nicht zur Verf\u00fcgung stellen k\u00f6nnten.<\/p>\n<h4>Rechte der Nutzer<\/h4>\n<p>Nutzer haben folgende Rechte:<\/p>\n<ul>\n<li>Recht auf Auskunft \u00fcber die bei uns zu der Person gespeicherten Daten (Art. 15 DSGVO);<\/li>\n<li>Recht auf Berichtigung unrichtiger oder unvollst\u00e4ndiger personenbezogener Daten (Art. 16 DSGVO);<\/li>\n<li>Recht auf L\u00f6schung gespeicherter personenbezogener Daten, soweit nicht die Verarbeitung zur Aus\u00fcbung des Rechts auf freie Meinungs\u00e4u\u00dferung und Information, zur Erf\u00fcllung einer rechtlichen Verpflichtung, aus Gr\u00fcnden des \u00f6ffentlichen Interesses oder zur Geltendmachung, Aus\u00fcbung oder Verteidigung von Rechtsanspr\u00fcchen erforderlich ist (Art. 17 DSGVO);<\/li>\n<li>Recht auf Einschr\u00e4nkung der Verarbeitung personenbezogener Daten (Art. 18 DSGVO);<\/li>\n<li>Recht auf Widerspruch gegen eine Verarbeitung, die unserem berechtigten Interesse, einem \u00f6ffentlichen Interesse oder einem Profiling dient, es sei denn, wir k\u00f6nnen zwingende schutzw\u00fcrdige Gr\u00fcnde f\u00fcr die Verarbeitung nachweisen, die den Nutzerinteressen, Rechten und Freiheiten \u00fcberwiegen, oder die Verarbeitung der Geltendmachung, Aus\u00fcbung oder Verteidigung von Rechtsanspr\u00fcchen dient (Art. 21 DSGVO); erteilte Einwilligungen zur Erhebung, Verarbeitung und Nutzung der personenbezogenen Daten sind jederzeit mit Wirkung f\u00fcr die Zukunft zu widerrufen (Art. 7 Abs. 3 DSGVO). Dies hat zur Folge, dass wir die Datenverarbeitung, die auf dieser Einwilligung beruhte, f\u00fcr die Zukunft nicht mehr fortf\u00fchren d\u00fcrfen.<\/li>\n<\/ul>\n<p>Zur Geltendmachung dieser Rechte oder bei R\u00fcckfragen zur Datenschutzerkl\u00e4rung k\u00f6nnen sich die Nutzer an folgende Stelle wenden:<\/p>\n<blockquote><p>Laura Rowitz<br \/>\nAsien-Afrika-Institut<br \/>\nAbteilung Vorderer Orient<br \/>\nEdmund-Siemers-Allee 1<br \/>\n20146 Hamburg<\/p>\n<p>Tel.: +49 40 42838-9008<br \/>\nE-Mail: laura.rowitz@uni-hamburg.de<\/p><\/blockquote>\n<p>Zudem besteht das Recht auf Beschwerde bei einer Aufsichtsbeh\u00f6rde, wenn der Nutzer der Ansicht ist, dass die Verarbeitung der sie betreffenden personenbezogenen Daten gegen die DSGVO verst\u00f6\u00dft (Art. 77 DSGVO). In Hamburg ist dies der <strong>Hamburgische Beauftragte f\u00fcr Datenschutz und Informationsfreiheit<\/strong>, Ludwig-Erhard-Str 22, 7. OG, 20459 Hamburg; E-Mail:<br \/>\nmailbox@datenschutz.hamburg.de<\/p>\n<h4>Widerruf der Einwilligung\/Widerspruch gegen die Verarbeitung<\/h4>\n<p>Ihr Recht auf Widerspruch, Widerruf und Korrektur k\u00f6nnen Sie gegen\u00fcber folgender Anschrift geltend machen:<\/p>\n<p>Datenschutzbeauftragter der Universit\u00e4t Hamburg<br \/>\nMittelweg 177, 20148 Hamburg<br \/>\nE-Mail: datenschutz@uni-hamburg.de<\/p>\n<h4>\u00c4nderungen der Datenschutzerkl\u00e4rung<\/h4>\n<p>Wir behalten uns vor, die vorliegende Datenschutzerkl\u00e4rung als auch die zugrundeliegende Verarbeitung zu \u00e4ndern, um sie an ge\u00e4nderte Rechtslagen, oder bei \u00c4nderungen der Nutzung, bspw. durch Erweiterung mittels Plugins\/Tools im Blog, anzupassen. Sofern Einwilligungen der Nutzer erforderlich sind oder Bestandteile der Datenschutzerkl\u00e4rung Regelungen des Vertragsverh\u00e4ltnisses mit den Nutzern enthalten, erfolgen die \u00c4nderungen nur mit Zustimmung der Nutzer. Die Nutzer werden gebeten sich regelm\u00e4\u00dfig \u00fcber den Inhalt der Datenschutzerkl\u00e4rung zu informieren.<\/p>\n<p>(Stand: 14.11.2018, 20:06 Uhr)<\/p>\n","protected":false},"excerpt":{"rendered":"<p>Kontaktdaten der verantwortlichen Stelle Verantwortlich im Sinne der Datenschutzgrundverordnung (DSGVO) und anderer nationaler Datenschutzgesetze der EU-Mitgliedstaaten sowie sonstiger datenschutzrechtlicher Bestimmungen f\u00fcr das Onlineangebot \u201eBlog\u201c ist die: Universit\u00e4t Hamburg Mittelweg 177 20148 Hamburg Deutschland Tel.: +49 40 42838-0 Fax: +49 40 42838-9586 Kontaktdaten des Datenschutzbeauftragten der Universit\u00e4t Hamburg Mittelweg 177 20148 Hamburg Tel.: + 49 40 [&hellip;]<\/p>\n","protected":false},"author":3,"featured_media":0,"parent":0,"menu_order":0,"comment_status":"closed","ping_status":"closed","template":"","meta":{"footnotes":""},"class_list":["post-9","page","type-page","status-publish","hentry"],"_links":{"self":[{"href":"https:\/\/orientalistik-in-hh.blogs.uni-hamburg.de\/index.php?rest_route=\/wp\/v2\/pages\/9","targetHints":{"allow":["GET"]}}],"collection":[{"href":"https:\/\/orientalistik-in-hh.blogs.uni-hamburg.de\/index.php?rest_route=\/wp\/v2\/pages"}],"about":[{"href":"https:\/\/orientalistik-in-hh.blogs.uni-hamburg.de\/index.php?rest_route=\/wp\/v2\/types\/page"}],"author":[{"embeddable":true,"href":"https:\/\/orientalistik-in-hh.blogs.uni-hamburg.de\/index.php?rest_route=\/wp\/v2\/users\/3"}],"replies":[{"embeddable":true,"href":"https:\/\/orientalistik-in-hh.blogs.uni-hamburg.de\/index.php?rest_route=%2Fwp%2Fv2%2Fcomments&post=9"}],"version-history":[{"count":4,"href":"https:\/\/orientalistik-in-hh.blogs.uni-hamburg.de\/index.php?rest_route=\/wp\/v2\/pages\/9\/revisions"}],"predecessor-version":[{"id":169,"href":"https:\/\/orientalistik-in-hh.blogs.uni-hamburg.de\/index.php?rest_route=\/wp\/v2\/pages\/9\/revisions\/169"}],"wp:attachment":[{"href":"https:\/\/orientalistik-in-hh.blogs.uni-hamburg.de\/index.php?rest_route=%2Fwp%2Fv2%2Fmedia&parent=9"}],"curies":[{"name":"wp","href":"https:\/\/api.w.org\/{rel}","templated":true}]}}