{"id":48,"date":"2019-12-05T07:53:43","date_gmt":"2019-12-05T07:53:43","guid":{"rendered":"https:\/\/orientalistik-in-hh.blogs.uni-hamburg.de\/?page_id=48"},"modified":"2022-08-17T13:52:44","modified_gmt":"2022-08-17T13:52:44","slug":"ueber-uns","status":"publish","type":"page","link":"https:\/\/orientalistik-in-hh.blogs.uni-hamburg.de\/?page_id=48","title":{"rendered":"\u00dcber uns"},"content":{"rendered":"\n<h2 class=\"wp-block-heading\"><strong>One Foot in the Past, One in the Future: Young Investigators and the Tradition of Middle Eastern Studies in Hamburg<\/strong> <\/h2>\n\n\n\n<h4 class=\"wp-block-heading\"><strong>Die Idee<\/strong><\/h4>\n\n\n\n<p><em>One Foot in the Past, One in the Future: Young Investigators and the Tradition of Middle Eastern Studies in Hamburg<\/em> war ein Lehrforschungsprojekt der Hamburger Islamwissenschaft. Von April 2019 bis M\u00e4rz 2020 erforschten Studierende der Iranistik, Islamwissenschaft und Turkologie die Geschichte der [Islam- und Nahostudien] in Hamburg. Dabei ging es nicht nur um die Vergangenheit. Wie im Namen des Projeks angedeutet, machten wir auch \u201eeinen Schritt in die Zukunft\u201c: Als junge Forschende sind die Studierenden von heute diejenigen, die in Zukunft Forschung und Lehre gestalten werden. Dieses Projekt ist aus der \u00dcberzeugung entstanden, dass es daf\u00fcr eine kritische Reflexion dar\u00fcber braucht, wie in unserer Disziplin Wissen generiert wird. Unter der Leitung von [Jun-Prof.] Dr. Serena Tolino besch\u00e4ftigten sich Studierende mit Theorie und Methoden der <em>Postkolonialen Studien<\/em> sowie der <em>Memory Studies<\/em> und rekonstruierten vor diesem Hintergrund die neuere Geschichte ihres Fachbereichs. Ihre Untersuchungen fokussierten auf die 1960-er bis 90er-Jahre und st\u00fctzen sich auf die Recherche in verschiedenen Archiven in Hamburg und Rom sowie auf Interviews mit Zeitzeug:innen der Universit\u00e4t Hamburg.<br>Die Idee war 2018 in Zusammenarbeit mit Studierenden entwickelt worden und wurde im November 2018 mit dem Sonderpreis zum 100. Jubil\u00e4um der Universit\u00e4t Hamburg 2019 des <a href=\"https:\/\/www.claussen-simon-stiftung.de\/de\/wissenschaft-hochschule\/hochschulwettbewerb\/gewinnerprojektecswhs\/\">Claussen-Simon-Wettbewerbs f\u00fcr Hochschulen<\/a> ausgezeichnet. <\/p>\n\n\n\n<figure class=\"wp-block-embed is-type-video is-provider-youtube wp-block-embed-youtube wp-embed-aspect-16-9 wp-has-aspect-ratio\"><div class=\"wp-block-embed__wrapper\">\n<iframe title=\"&quot;One Foot In The Past - One In The Future...\" width=\"580\" height=\"326\" src=\"https:\/\/www.youtube.com\/embed\/MqRxRg3Jcos?feature=oembed\" frameborder=\"0\" allow=\"accelerometer; autoplay; clipboard-write; encrypted-media; gyroscope; picture-in-picture; web-share\" referrerpolicy=\"strict-origin-when-cross-origin\" allowfullscreen><\/iframe>\n<\/div><figcaption>Pr\u00e4sentation des Projekts beim Claussen-Simon-Wettbewerb f\u00fcr Hochschulen 2019<br>\u00a9 Claussen-Simon-Stiftung, Katrin Hollensteiner<\/figcaption><\/figure>\n\n\n\n<h4 class=\"wp-block-heading\"> Die Projektarbeit <\/h4>\n\n\n\n<p>Im Zuge unseres Projekts haben sich Studierende in f\u00fcnf verschiedenen Seminaren und durch vielf\u00e4ltige Zug\u00e4nge mit der Fachgeschichte ihrer Abteilung befasst. In der ersten Projketphase standen uns verschiedene Expert:innen mit <a href=\"https:\/\/lecture2go.uni-hamburg.de\/l2go\/-\/get\/l\/5130\">Gastvortr\u00e4gen<\/a> zur Seite: Bei einer Auftaktveranstaltung gab Dr. phil. h.c. Eckart Krause (Arbeitsstelle f\u00fcr Universit\u00e4tsgeschichte, UHH) eine Einf\u00fchrung in die Geschichte der Hamburger Universit\u00e4t und Prof. Dr. Ludwig Paul (Asien-Afrika-Institut, UHH) in die der Orientalistik. Im Projektseminar gab Dr. Achim Rohde (Freie Universit\u00e4t Berlin) eine Einf\u00fchrung in die Geschichte der Hamburger Orientalistik mit einem Schwerpunkt auf der NS-Geschichte, Anne Moll erl\u00e4uterte im Rahmes von <a href=\"https:\/\/www.aai.uni-hamburg.de\/voror\/personen\/eich.html\" target=\"_blank\" rel=\"noreferrer noopener\">Prof. Dr. Thomas Eich<\/a>s BA-Seminars ihre Forschungen \u00fcber den ehemaligen Lehrstuhlinhaber Berthold Spuler. <\/p>\n\n\n<div class=\"wp-block-image\">\n<figure class=\"alignright size-large\"><img fetchpriority=\"high\" decoding=\"async\" width=\"1024\" height=\"769\" src=\"https:\/\/orientalistik-in-hh.blogs.uni-hamburg.de\/wp-content\/uploads\/2021\/08\/Istituto-per-lOriente-Recherche-Tag-1-1024x769.jpg\" alt=\"\" class=\"wp-image-353\" srcset=\"https:\/\/orientalistik-in-hh.blogs.uni-hamburg.de\/wp-content\/uploads\/2021\/08\/Istituto-per-lOriente-Recherche-Tag-1-1024x769.jpg 1024w, https:\/\/orientalistik-in-hh.blogs.uni-hamburg.de\/wp-content\/uploads\/2021\/08\/Istituto-per-lOriente-Recherche-Tag-1-300x225.jpg 300w, https:\/\/orientalistik-in-hh.blogs.uni-hamburg.de\/wp-content\/uploads\/2021\/08\/Istituto-per-lOriente-Recherche-Tag-1-768x577.jpg 768w, https:\/\/orientalistik-in-hh.blogs.uni-hamburg.de\/wp-content\/uploads\/2021\/08\/Istituto-per-lOriente-Recherche-Tag-1.jpg 1110w\" sizes=\"(max-width: 1024px) 100vw, 1024px\" \/><figcaption>Recherche im Istituto per l&#8217;Oriente Carlo Alfonso Nallino in Rom \u00a9 Selina Rabe<\/figcaption><\/figure>\n<\/div>\n\n\n<p>Schlie\u00dflich haben die Teilnehmenden in gemischten Gruppen aus BA- und MA-Studierenden selbst ihre Forschungen aufgenommen: in Hamburg in den Archiven der Universit\u00e4t, des Museums f\u00fcr Kunst und Gewerbe (MKG), sowie im Staatsarchiv. Bei einer Exkursion nach Rom in den Archiven des Istituto per l&#8217;Oriente Carlo Alfonso Nallino und des Istituto Affari Internazionali (IAI). Daneben folgten Lisa Adolf und Mara Hildebrand den Ans\u00e4tzen der <em>Oral History<\/em> und interviewten ehemalige Mitarbeitende des Fachbereichs Vorderer Orient und der Universit\u00e4t Hamburg: Werner Ende, Irene Dulz, J\u00fcrgen Paul, Schirin Fathi, Gudrun Kr\u00e4mer, Claus-Peter Haase, Verena Klemm, Ulrike Mitter, Peter Fischer-Appelt und Ursula G\u00fcnther teilten mit uns ihre Erinnerungen.<\/p>\n\n\n<div class=\"wp-block-image\">\n<figure class=\"alignleft size-large\"><img decoding=\"async\" width=\"724\" height=\"1024\" src=\"https:\/\/orientalistik-in-hh.blogs.uni-hamburg.de\/wp-content\/uploads\/2021\/08\/stories-from-the-archive_flyer_front-724x1024.jpg\" alt=\"\" class=\"wp-image-318\" srcset=\"https:\/\/orientalistik-in-hh.blogs.uni-hamburg.de\/wp-content\/uploads\/2021\/08\/stories-from-the-archive_flyer_front-724x1024.jpg 724w, https:\/\/orientalistik-in-hh.blogs.uni-hamburg.de\/wp-content\/uploads\/2021\/08\/stories-from-the-archive_flyer_front-212x300.jpg 212w, https:\/\/orientalistik-in-hh.blogs.uni-hamburg.de\/wp-content\/uploads\/2021\/08\/stories-from-the-archive_flyer_front-768x1086.jpg 768w, https:\/\/orientalistik-in-hh.blogs.uni-hamburg.de\/wp-content\/uploads\/2021\/08\/stories-from-the-archive_flyer_front-1086x1536.jpg 1086w, https:\/\/orientalistik-in-hh.blogs.uni-hamburg.de\/wp-content\/uploads\/2021\/08\/stories-from-the-archive_flyer_front-1200x1697.jpg 1200w, https:\/\/orientalistik-in-hh.blogs.uni-hamburg.de\/wp-content\/uploads\/2021\/08\/stories-from-the-archive_flyer_front.jpg 1234w\" sizes=\"(max-width: 724px) 100vw, 724px\" \/><figcaption>Einladungsflyer zur studentischen Ausstellung <em>Stories from the Archive: Der Vordere Orient in Hamburg <br>\u2013 1960er- bis 1990er-Jahre<\/em> im Dezember 2019<\/figcaption><\/figure>\n<\/div>\n\n\n<p><br>Bei den Recherchen zeigte sich immer wieder, wie divers in der Abteilung Vorderer Orient gearbeitet wurde, so begegneten wir so unterschiedlichen Forschungsgebieten wie Kunstgeschichte, Literaturforschung, Manuskriptforschung, Islamischem Recht oder der Darstellung des Islam in der Gegenwart in Deutschland.<br>H\u00f6hepunkt des Projekts war die Zwischenpr\u00e4sentation der Rechercheergebnisse in der studentischen <a href=\"https:\/\/orientalistik-in-hh.blogs.uni-hamburg.de\/?p=232\">Ausstellung <em>Stories from the Archive<\/em><\/a> im Dezember 2019. <br>Parallel zu unseren Projektrecherchen entstand im Rahmen der Reihe <a href=\"https:\/\/www.gwiss.uni-hamburg.de\/forschung\/kleine-faecher\/mfkg.html\">\u201eKleine F\u00e4cher\u201c<\/a> ein \u201eSidekick-Projekt\u201c in Zusammenarbeit mit dem Leiter der islamischen Sammlung des MKG, Tobias M\u00f6rike. Zusammen mit Prof. Dr. Thomas Eich, Min-Dju Jansen und Laura Rowitz entstand eine \u201eAusstellungsintervention\u201c, die einen Teil unserer Rechercheergebnisse pr\u00e4sentierte und von Februar bis Mai in der Islamischen Sammlung des Museums gezeigt wurde.  <\/p>\n\n\n\n<h4 class=\"wp-block-heading\">Der Blog <\/h4>\n\n\n\n<p>Dieser Blog dokumentiert die Arbeit der Studierenden, die diese  \u201eStories from the Archive\u201c ans Licht brachten: Lisa Adolf, Nikolai Ballast, Helena Berchtold, Timur G\u00fcntemur, Mara Hildebrand, Maximilian Kalkreuth, Lauan al-Khazail, Jiear Mohedien, Marcus Penther, Selina Rabe, Lovisa Schau, Bele Schweim-G\u00fcnther, Roman Shtefura, Mattea Weihe und Esther Yen.<\/p>\n\n\n\n<p>Ausstellungen sind nur tempor\u00e4r und die begrenzten Kapazit\u00e4ten unseres Projekts erlaubten es uns nicht, in jede Richtung weiterzuforschen. So bedauern wir es, nicht noch mehr Akten w\u00e4lzen und Zeitzeug:innen befragen zu k\u00f6nnen. Wir hoffen, die Lekt\u00fcre inspiriert andere, weitere Fragen an die Tradition ihres Faches zu stellen uns ihnen nachzugehen.<\/p>\n\n\n\n<p><em>Dieser Blog entstand in Zusammenarbeit mit Ole Herbold vom E-Learning-B\u00fcro der Geisteswissenschaftlichen Fakult\u00e4t, dem wir herzlich f\u00fcr seine Geduld danken.<\/em><\/p>\n\n\n\n<p><\/p>\n\n\n\n<p><\/p>\n\n\n\n<h2 class=\"wp-block-heading\">Zu den Beitr\u00e4gen<\/h2>\n\n\n\n<h4 class=\"wp-block-heading\">\/\/ Recherche \/\/<\/h4>\n\n\n\n<p><strong><a href=\"https:\/\/orientalistik-in-hh.blogs.uni-hamburg.de\/wp-admin\/post.php?post=200&amp;action=edit\">Orientalismus in der Geschichte der Universit\u00e4t Hamburg<\/a><\/strong> von Bele Schweim-G\u00fcnther<\/p>\n\n\n\n<p><strong><a href=\"https:\/\/orientalistik-in-hh.blogs.uni-hamburg.de\/wp-admin\/post.php?post=92&amp;action=edit\">Eingreifen oder Abtun? Wie sollte die Islamwissenschaft mit selbsternannten \u201eNahostexperten\u201c umgehen?<\/a><\/strong> von Lovisa Schau<\/p>\n\n\n\n<p><strong><a href=\"https:\/\/orientalistik-in-hh.blogs.uni-hamburg.de\/wp-admin\/post.php?post=98&amp;action=edit\">Der Europ\u00e4isch-Arabische Dialog in Hamburg<\/a><\/strong> von Maximilian Kalkreuth<\/p>\n\n\n\n<p><a href=\"https:\/\/orientalistik-in-hh.blogs.uni-hamburg.de\/?p=212\"><strong>Dem Orchideenfach Iranistik fehlen manche Bl\u00fcten<\/strong><\/a> von Lisa Adolf<\/p>\n\n\n\n<p><strong><a href=\"https:\/\/orientalistik-in-hh.blogs.uni-hamburg.de\/wp-admin\/post.php?post=171&amp;action=edit\">Versuch einer postkolonialen Perspektive auf das Symposium des Euro-Arabischen Dialogs 1983 in Hamburg<\/a><\/strong> von Nikolai Ballast<\/p>\n\n\n\n<p><a href=\"https:\/\/orientalistik-in-hh.blogs.uni-hamburg.de\/?p=380\"><strong>From Venice to Rome to Hamburg: Following the Middle East in Europe in the 1980s<\/strong><\/a> by Serena Tolino<\/p>\n\n\n\n<p><strong><a href=\"https:\/\/orientalistik-in-hh.blogs.uni-hamburg.de\/?p=400\">Orientalistik, Nationalsozialismus und Vergangenheitsbew\u00e4ltigung: Die Kontroverse um Bertold Spuler an der Universit\u00e4t Hamburg<\/a> <\/strong>von Marcus Penther<\/p>\n\n\n\n<h2 class=\"has-small-font-size wp-block-heading\">\/\/ Stories from the Archive \/\/<\/h2>\n\n\n\n<p><strong><a href=\"https:\/\/orientalistik-in-hh.blogs.uni-hamburg.de\/wp-admin\/post.php?post=232&amp;action=edit\">Ausstellung: Stories from the Archive \u2013 Der Vordere Orient in Hamburg: 1960er- bis 1990er-Jahre<\/a><\/strong> von Laura Rowitz<\/p>\n\n\n\n<p><em><br><\/em><\/p>\n","protected":false},"excerpt":{"rendered":"<p>One Foot in the Past, One in the Future: Young Investigators and the Tradition of Middle Eastern Studies in Hamburg Die Idee One Foot in the Past, One in the Future: Young Investigators and the Tradition of Middle Eastern Studies in Hamburg war ein Lehrforschungsprojekt der Hamburger Islamwissenschaft. Von April 2019 bis M\u00e4rz 2020 erforschten [&hellip;]<\/p>\n","protected":false},"author":1,"featured_media":245,"parent":0,"menu_order":0,"comment_status":"closed","ping_status":"closed","template":"templates\/template-cover.php","meta":{"footnotes":""},"class_list":["post-48","page","type-page","status-publish","has-post-thumbnail","hentry"],"_links":{"self":[{"href":"https:\/\/orientalistik-in-hh.blogs.uni-hamburg.de\/index.php?rest_route=\/wp\/v2\/pages\/48","targetHints":{"allow":["GET"]}}],"collection":[{"href":"https:\/\/orientalistik-in-hh.blogs.uni-hamburg.de\/index.php?rest_route=\/wp\/v2\/pages"}],"about":[{"href":"https:\/\/orientalistik-in-hh.blogs.uni-hamburg.de\/index.php?rest_route=\/wp\/v2\/types\/page"}],"author":[{"embeddable":true,"href":"https:\/\/orientalistik-in-hh.blogs.uni-hamburg.de\/index.php?rest_route=\/wp\/v2\/users\/1"}],"replies":[{"embeddable":true,"href":"https:\/\/orientalistik-in-hh.blogs.uni-hamburg.de\/index.php?rest_route=%2Fwp%2Fv2%2Fcomments&post=48"}],"version-history":[{"count":29,"href":"https:\/\/orientalistik-in-hh.blogs.uni-hamburg.de\/index.php?rest_route=\/wp\/v2\/pages\/48\/revisions"}],"predecessor-version":[{"id":518,"href":"https:\/\/orientalistik-in-hh.blogs.uni-hamburg.de\/index.php?rest_route=\/wp\/v2\/pages\/48\/revisions\/518"}],"wp:featuredmedia":[{"embeddable":true,"href":"https:\/\/orientalistik-in-hh.blogs.uni-hamburg.de\/index.php?rest_route=\/wp\/v2\/media\/245"}],"wp:attachment":[{"href":"https:\/\/orientalistik-in-hh.blogs.uni-hamburg.de\/index.php?rest_route=%2Fwp%2Fv2%2Fmedia&parent=48"}],"curies":[{"name":"wp","href":"https:\/\/api.w.org\/{rel}","templated":true}]}}