{"id":19,"date":"2019-11-25T22:45:32","date_gmt":"2019-11-25T22:45:32","guid":{"rendered":"https:\/\/orientalistik-in-hh.blogs.uni-hamburg.de\/?page_id=19"},"modified":"2022-10-19T22:29:02","modified_gmt":"2022-10-19T22:29:02","slug":"testseite","status":"publish","type":"page","link":"https:\/\/orientalistik-in-hh.blogs.uni-hamburg.de\/","title":{"rendered":"One Foot in the Past, One in the Future: Young Investigators and the Tradition of Middle Eastern Studies in Hamburg"},"content":{"rendered":"\n<h1 class=\"has-text-align-center wp-block-heading\">Herzlich Willkommen!<\/h1>\n\n\n\n<p>Dieser Blog dokumentiert Ergebnisse des Lehrforschungsprojekts <em>One Foot in the Past, One in the Future: Young Investigators and the Tradition of Middle Eastern Studies in Hamburg<\/em>. Von April 2019 bis M\u00e4rz 2020 erforschten Studierende der Hamburger Iranistik, Islamwissenschaft und Turkologie die Geschichte der Islam- und Nahostudien in Hamburg. Unsere Untersuchungen fokussierten auf die 1960-er bis 90er-Jahre und st\u00fctzen sich auf die Recherche in verschiedenen Archiven in Hamburg und Rom sowie auf Interviews mit Zeitzeug:innen der Universit\u00e4t Hamburg. Finanziert wurde unser Projekt durch die Claussen-Simon-Stiftung.<\/p>\n\n\n\n<p>Auf dieser Seite stellen wir <a href=\"https:\/\/orientalistik-in-hh.blogs.uni-hamburg.de\/?page_id=48\">unser Projekt<\/a> vor, geben einen R\u00fcckblick auf unsere <a href=\"https:\/\/orientalistik-in-hh.blogs.uni-hamburg.de\/?p=232\">Ausstellung <em>Stories from the Archive<\/em><\/a> und gew\u00e4hren mit <a href=\"https:\/\/orientalistik-in-hh.blogs.uni-hamburg.de\/?page_id=54\">verschiedenen Beitr\u00e4gen<\/a> Einblicke in unsere Forschung. <\/p>\n\n\n\n<p>Wir hoffen, die Lekt\u00fcre inspiriert andere, weiter(e) Fragen an die Tradition ihres Faches zu stellen uns ihnen nachzugehen.<\/p>\n\n\n\n<p><em>Dieser Blog entstand in Zusammenarbeit mit Ole Herbold vom E-Learning-B\u00fcro der Geisteswissenscahftlichen Fakult\u00e4t, dem wir herzlich f\u00fcr seine Geduld danken. <br>Hinweise richten Sie bitte an <a rel=\"noreferrer noopener\" href=\"https:\/\/www.islamwissenschaft.unibe.ch\/personen\/prof_dr_tolino_serena\/index_ger.html\" target=\"_blank\">Serena Tolino<\/a> und <a rel=\"noreferrer noopener\" href=\"https:\/\/www.islamwissenschaft.unibe.ch\/personen\/ma_rowitz_laura\/index_ger.html\" target=\"_blank\">Laura Rowitz<\/a>.<\/em><\/p>\n\n\n\n<p><\/p>\n\n\n\n<p><\/p>\n\n\n\n<h2 class=\"wp-block-heading\">Zu den Beitr\u00e4gen<\/h2>\n\n\n\n<h4 class=\"wp-block-heading\">\/\/ Recherche \/\/<\/h4>\n\n\n\n<p><strong><a href=\"https:\/\/orientalistik-in-hh.blogs.uni-hamburg.de\/?p=200\">Orientalismus in der Geschichte der Universit\u00e4t Hamburg<\/a><\/strong> von Bele Schweim-G\u00fcnther<\/p>\n\n\n\n<p><strong><a href=\"https:\/\/orientalistik-in-hh.blogs.uni-hamburg.de\/?p=92\">Eingreifen oder Abtun? Wie sollte die Islamwissenschaft mit selbsternannten \u201eNahostexperten\u201c umgehen<\/a>?<\/strong> von Lovisa Schau<\/p>\n\n\n\n<p><a href=\"https:\/\/orientalistik-in-hh.blogs.uni-hamburg.de\/?p=98\"><strong>Der Europ\u00e4isch-Arabische Dialog in Hamburg<\/strong> <\/a>von Maximilian Kalkreuth<\/p>\n\n\n\n<p><a href=\"https:\/\/orientalistik-in-hh.blogs.uni-hamburg.de\/?p=212\"><strong>Dem Orchideenfach Iranistik fehlen manche Bl\u00fcten<\/strong><\/a> von Lisa Adolf<\/p>\n\n\n\n<p><strong><a href=\"https:\/\/orientalistik-in-hh.blogs.uni-hamburg.de\/?p=171\">Versuch einer postkolonialen Perspektive auf das <\/a>Symposium des Euro-Arabischen Dialogs 1983 in Hamburg<\/strong> von Nikolai Ballast<\/p>\n\n\n\n<p><a href=\"https:\/\/orientalistik-in-hh.blogs.uni-hamburg.de\/?p=380\"><strong>From Venice to Rome to Hamburg: Following the Middle East in Europe in the 1980s<\/strong><\/a> by Serena Tolino<\/p>\n\n\n\n<p><strong><a href=\"https:\/\/orientalistik-in-hh.blogs.uni-hamburg.de\/?p=400\">Orientalistik, Nationalsozialismus und Vergangenheitsbew\u00e4ltigung: Die Kontroverse um Bertold Spuler an der Universit\u00e4t Hamburg<\/a> <\/strong>von Marcus Penther<\/p>\n\n\n\n<h2 class=\"has-small-font-size wp-block-heading\">\/\/ Stories from the Archive \/\/<\/h2>\n\n\n\n<p><strong><a href=\"https:\/\/orientalistik-in-hh.blogs.uni-hamburg.de\/?p=232\">Ausstellung: Stories from the Archive \u2013 Der Vordere Orient in Hamburg: 1960er- bis 1990er-Jahre<\/a><\/strong> von Laura Rowitz<\/p>\n","protected":false},"excerpt":{"rendered":"<p>Herzlich Willkommen! Dieser Blog dokumentiert Ergebnisse des Lehrforschungsprojekts One Foot in the Past, One in the Future: Young Investigators and the Tradition of Middle Eastern Studies in Hamburg. Von April 2019 bis M\u00e4rz 2020 erforschten Studierende der Hamburger Iranistik, Islamwissenschaft und Turkologie die Geschichte der Islam- und Nahostudien in Hamburg. Unsere Untersuchungen fokussierten auf die [&hellip;]<\/p>\n","protected":false},"author":3,"featured_media":0,"parent":0,"menu_order":0,"comment_status":"closed","ping_status":"closed","template":"","meta":{"footnotes":""},"class_list":["post-19","page","type-page","status-publish","hentry"],"_links":{"self":[{"href":"https:\/\/orientalistik-in-hh.blogs.uni-hamburg.de\/index.php?rest_route=\/wp\/v2\/pages\/19","targetHints":{"allow":["GET"]}}],"collection":[{"href":"https:\/\/orientalistik-in-hh.blogs.uni-hamburg.de\/index.php?rest_route=\/wp\/v2\/pages"}],"about":[{"href":"https:\/\/orientalistik-in-hh.blogs.uni-hamburg.de\/index.php?rest_route=\/wp\/v2\/types\/page"}],"author":[{"embeddable":true,"href":"https:\/\/orientalistik-in-hh.blogs.uni-hamburg.de\/index.php?rest_route=\/wp\/v2\/users\/3"}],"replies":[{"embeddable":true,"href":"https:\/\/orientalistik-in-hh.blogs.uni-hamburg.de\/index.php?rest_route=%2Fwp%2Fv2%2Fcomments&post=19"}],"version-history":[{"count":15,"href":"https:\/\/orientalistik-in-hh.blogs.uni-hamburg.de\/index.php?rest_route=\/wp\/v2\/pages\/19\/revisions"}],"predecessor-version":[{"id":510,"href":"https:\/\/orientalistik-in-hh.blogs.uni-hamburg.de\/index.php?rest_route=\/wp\/v2\/pages\/19\/revisions\/510"}],"wp:attachment":[{"href":"https:\/\/orientalistik-in-hh.blogs.uni-hamburg.de\/index.php?rest_route=%2Fwp%2Fv2%2Fmedia&parent=19"}],"curies":[{"name":"wp","href":"https:\/\/api.w.org\/{rel}","templated":true}]}}