{"id":10,"date":"2019-11-25T22:33:21","date_gmt":"2019-11-25T22:33:21","guid":{"rendered":"https:\/\/orientalistik-in-hh.blogs.uni-hamburg.de\/?page_id=10"},"modified":"2023-01-23T09:51:48","modified_gmt":"2023-01-23T09:51:48","slug":"impressum","status":"publish","type":"page","link":"https:\/\/orientalistik-in-hh.blogs.uni-hamburg.de\/?page_id=10","title":{"rendered":"Impressum"},"content":{"rendered":"<p>Dieses Blog wird als Teil der <a title=\"Blogfarm der Universit\u00e4t Hamburg\" href=\"https:\/\/www.blogs.uni-hamburg.de\/\" target=\"_blank\" rel=\"noopener noreferrer\">Blogfarm<\/a> auf Servern der Universit\u00e4t Hamburg gehostet.<\/p>\n<h2>Inhaltliche Verantwortlichkeit i. S. v. \u00a7 5 TMG und \u00a7 18 Abs. 2 MStV<\/h2>\n<p>F\u00fcr die Richtigkeit und Aktualit\u00e4t der Inhalte sind die jeweiligen Erstellerinnen und Ersteller der einzelnen Seiten verantwortlich.<\/p>\n<blockquote><p>Stefan Heidemann<br \/>\nAsien-Afrika-Institut<br \/>\nAbteilung Vorderer Orient<br \/>\nEdmund-Siemers-Allee 1<br \/>\nFl\u00fcgel Ost<br \/>\n20146 Hamburg<\/p>\n<p>Tel.: +49 40 42838-3181<br \/>\nE-Mail: stefan.heidemann@uni-hamburg.de<\/p><\/blockquote>\n<h2>Technische Verantwortlichkeit<\/h2>\n<blockquote><p>eLearning-B\u00fcro der Fakult\u00e4t f\u00fcr Geisteswissenschaften<br \/>\nE-Mail:\u00a0<a class=\"emil link\" href=\"mailto:ebuero.gw@uni-hamburg.de\" data-n=\"ebuero.gw\" data-d=\"uni-hamburg.de\"><span class=\"\">ebuero.gw<\/span><span class=\"a\">@<\/span><span class=\"d\">uni-hamburg.de<\/span><\/a><\/p><\/blockquote>\n<h2>Zentrale Adresse der Universit\u00e4t Hamburg<\/h2>\n<p>Universit\u00e4t Hamburg<br \/>\nMittelweg 177<br \/>\n20148 Hamburg<br \/>\nDeutschland<br \/>\nTel.: +49 40 42838-0<br \/>\nFax: +49 40 42838-9586<\/p>\n<h2>Rechtsform und gesetzliche Vertretung<\/h2>\n<p>Die Universit\u00e4t Hamburg ist eine K\u00f6rperschaft des \u00d6ffentlichen Rechts. Sie wird gesetzlich vertreten durch Prof. Dr. Dr. Hauke Heekeren, Pr\u00e4sident der Universit\u00e4t Hamburg, Mittelweg 177, 20148 Hamburg, Deutschland.<\/p>\n<h2>Zust\u00e4ndige Aufsichtsbeh\u00f6rde<\/h2>\n<p>Beh\u00f6rde f\u00fcr Wissenschaft, Forschung und Gleichstellung der Freien und Hansestadt Hamburg<br \/>\nHamburger Stra\u00dfe 37, 22083 Hamburg<\/p>\n<h2>Umsatzsteueridentifikationsnummer<\/h2>\n<p>DE 245 584 140<\/p>\n<h2>Haftungsausschluss<\/h2>\n<p>Trotz sorgf\u00e4ltiger inhaltlicher Kontrolle \u00fcbernehmen wir keine Haftung f\u00fcr die Richtigkeit, Vollst\u00e4ndigkeit und Aktualit\u00e4t unserer Webseiten sowie f\u00fcr die Inhalte externer Links. Von den Inhalten der verlinkten Seiten \u2013 auf deren Inhalt wir keinen Einfluss haben \u2013 distanzieren wir uns ausdr\u00fccklich. Diese Erkl\u00e4rung gilt f\u00fcr alle auf den Webseiten angebrachten Links und f\u00fcr alle Inhalte der Seiten, zu denen Links oder Banner f\u00fchren.<\/p>\n","protected":false},"excerpt":{"rendered":"<p>Dieses Blog wird als Teil der Blogfarm auf Servern der Universit\u00e4t Hamburg gehostet. Inhaltliche Verantwortlichkeit i. S. v. \u00a7 5 TMG und \u00a7 18 Abs. 2 MStV F\u00fcr die Richtigkeit und Aktualit\u00e4t der Inhalte sind die jeweiligen Erstellerinnen und Ersteller der einzelnen Seiten verantwortlich. Stefan Heidemann Asien-Afrika-Institut Abteilung Vorderer Orient Edmund-Siemers-Allee 1 Fl\u00fcgel Ost 20146 [&hellip;]<\/p>\n","protected":false},"author":3,"featured_media":0,"parent":0,"menu_order":0,"comment_status":"closed","ping_status":"closed","template":"","meta":{"footnotes":""},"class_list":["post-10","page","type-page","status-publish","hentry"],"_links":{"self":[{"href":"https:\/\/orientalistik-in-hh.blogs.uni-hamburg.de\/index.php?rest_route=\/wp\/v2\/pages\/10","targetHints":{"allow":["GET"]}}],"collection":[{"href":"https:\/\/orientalistik-in-hh.blogs.uni-hamburg.de\/index.php?rest_route=\/wp\/v2\/pages"}],"about":[{"href":"https:\/\/orientalistik-in-hh.blogs.uni-hamburg.de\/index.php?rest_route=\/wp\/v2\/types\/page"}],"author":[{"embeddable":true,"href":"https:\/\/orientalistik-in-hh.blogs.uni-hamburg.de\/index.php?rest_route=\/wp\/v2\/users\/3"}],"replies":[{"embeddable":true,"href":"https:\/\/orientalistik-in-hh.blogs.uni-hamburg.de\/index.php?rest_route=%2Fwp%2Fv2%2Fcomments&post=10"}],"version-history":[{"count":9,"href":"https:\/\/orientalistik-in-hh.blogs.uni-hamburg.de\/index.php?rest_route=\/wp\/v2\/pages\/10\/revisions"}],"predecessor-version":[{"id":525,"href":"https:\/\/orientalistik-in-hh.blogs.uni-hamburg.de\/index.php?rest_route=\/wp\/v2\/pages\/10\/revisions\/525"}],"wp:attachment":[{"href":"https:\/\/orientalistik-in-hh.blogs.uni-hamburg.de\/index.php?rest_route=%2Fwp%2Fv2%2Fmedia&parent=10"}],"curies":[{"name":"wp","href":"https:\/\/api.w.org\/{rel}","templated":true}]}}